{"id":96,"date":"2022-05-09T00:21:21","date_gmt":"2022-05-08T22:21:21","guid":{"rendered":"https:\/\/lina-hermstein.de\/?page_id=96"},"modified":"2022-08-25T19:26:31","modified_gmt":"2022-08-25T17:26:31","slug":"endometriose","status":"publish","type":"page","link":"https:\/\/lina-hermstein.de\/?page_id=96","title":{"rendered":"Endometriose"},"content":{"rendered":"\n<div class=\"wp-block-columns is-layout-flex wp-container-3 wp-block-columns-is-layout-flex\">\n<div class=\"wp-block-column is-layout-flow wp-block-column-is-layout-flow\" style=\"flex-basis:66%\">\n<p>Eine von 10 Frauen hat Endometriose. Endometriose ist eine gutartige Erkrankung bei der geb\u00e4rmutterschleimhautartiges Gewebe sich au\u00dferhalb der Geb\u00e4rmutter, meist im Bauchraum, ansiedelt.<\/p>\n\n\n\n<p>Im Durchschnitt dauert es 10 Jahre bis zu einer Diagnose. Leider passiert es auch noch h\u00e4ufig, dass Betroffene nicht ausreichend \u00fcber die Krankheit und ihre Folgen aufgekl\u00e4rt werden. Noch heute wird vielen Erkrankten eingeredet, ihre daraus resultierenden Schmerzen seinen ein psychisches Problem \u2013 oftmals Jahre lang, bevor eine Operation das grundlegende Problem sichtbar macht.<\/p>\n\n\n\n<p>Endometriose verursacht eine F\u00fclle an Beschwerden und betrifft jede erkrankte Person individuell. Daher wird sie auch als \u201eCham\u00e4leon der Medizin\u201c bezeichnet. N\u00e4here Informationen zu Symptomen und mehr Infomaterial finden sie auf <a href=\"https:\/\/www.endometriose-vereinigung.de\/home.html\" target=\"_blank\" rel=\"noreferrer noopener\">https:\/\/www.endometriose-vereinigung.de\/home.html<\/a><\/p>\n\n\n\n<p>Betroffene k\u00f6nnen darauf <em>vertrauen<\/em>, bei mir ein tiefes Verst\u00e4ndnis f\u00fcr die Krankheit und ihre allt\u00e4glichen Herausforderungen zu erfahren. Sprechen Sie mich bitte direkt an, wenn sie psychologische Unterst\u00fctzung zum Thema Endometriose suchen.<\/p>\n<\/div>\n\n\n\n<div class=\"wp-block-column is-layout-flow wp-block-column-is-layout-flow\">\n<figure class=\"wp-block-image size-large is-resized\"><img decoding=\"async\" src=\"https:\/\/lina-hermstein.de\/wp-content\/uploads\/2022\/08\/Lina_Hase_small_2-edited-1.jpg\" alt=\"\" class=\"wp-image-264\" width=\"254\" srcset=\"https:\/\/lina-hermstein.de\/wp-content\/uploads\/2022\/08\/Lina_Hase_small_2-edited-1.jpg 1522w, https:\/\/lina-hermstein.de\/wp-content\/uploads\/2022\/08\/Lina_Hase_small_2-edited-1-187x300.jpg 187w, https:\/\/lina-hermstein.de\/wp-content\/uploads\/2022\/08\/Lina_Hase_small_2-edited-1-639x1024.jpg 639w, https:\/\/lina-hermstein.de\/wp-content\/uploads\/2022\/08\/Lina_Hase_small_2-edited-1-768x1230.jpg 768w, https:\/\/lina-hermstein.de\/wp-content\/uploads\/2022\/08\/Lina_Hase_small_2-edited-1-959x1536.jpg 959w, https:\/\/lina-hermstein.de\/wp-content\/uploads\/2022\/08\/Lina_Hase_small_2-edited-1-1279x2048.jpg 1279w\" sizes=\"(max-width: 1522px) 100vw, 1522px\" \/><\/figure>\n<\/div>\n<\/div>\n","protected":false},"excerpt":{"rendered":"<p>Eine von 10 Frauen hat Endometriose. Endometriose ist eine gutartige Erkrankung bei der geb\u00e4rmutterschleimhautartiges Gewebe sich au\u00dferhalb der Geb\u00e4rmutter, meist im Bauchraum, ansiedelt. Im Durchschnitt dauert es 10 Jahre bis zu einer Diagnose. Leider passiert es auch noch h\u00e4ufig, dass Betroffene nicht ausreichend \u00fcber die Krankheit und ihre Folgen aufgekl\u00e4rt werden. Noch heute wird vielen&hellip;&nbsp;<a href=\"https:\/\/lina-hermstein.de\/?page_id=96\" class=\"\" rel=\"bookmark\">Weiterlesen &raquo;<span class=\"screen-reader-text\">Endometriose<\/span><\/a><\/p>\n","protected":false},"author":1,"featured_media":0,"parent":0,"menu_order":0,"comment_status":"closed","ping_status":"closed","template":"","meta":{"om_disable_all_campaigns":false,"_monsterinsights_skip_tracking":false,"_monsterinsights_sitenote_active":false,"_monsterinsights_sitenote_note":"","_monsterinsights_sitenote_category":0,"neve_meta_sidebar":"","neve_meta_container":"","neve_meta_enable_content_width":"","neve_meta_content_width":0,"neve_meta_title_alignment":"","neve_meta_author_avatar":"","neve_post_elements_order":"","neve_meta_disable_header":"","neve_meta_disable_footer":"","neve_meta_disable_title":"","_themeisle_gutenberg_block_has_review":false,"footnotes":""},"aioseo_notices":[],"_links":{"self":[{"href":"https:\/\/lina-hermstein.de\/index.php?rest_route=\/wp\/v2\/pages\/96"}],"collection":[{"href":"https:\/\/lina-hermstein.de\/index.php?rest_route=\/wp\/v2\/pages"}],"about":[{"href":"https:\/\/lina-hermstein.de\/index.php?rest_route=\/wp\/v2\/types\/page"}],"author":[{"embeddable":true,"href":"https:\/\/lina-hermstein.de\/index.php?rest_route=\/wp\/v2\/users\/1"}],"replies":[{"embeddable":true,"href":"https:\/\/lina-hermstein.de\/index.php?rest_route=%2Fwp%2Fv2%2Fcomments&post=96"}],"version-history":[{"count":3,"href":"https:\/\/lina-hermstein.de\/index.php?rest_route=\/wp\/v2\/pages\/96\/revisions"}],"predecessor-version":[{"id":265,"href":"https:\/\/lina-hermstein.de\/index.php?rest_route=\/wp\/v2\/pages\/96\/revisions\/265"}],"wp:attachment":[{"href":"https:\/\/lina-hermstein.de\/index.php?rest_route=%2Fwp%2Fv2%2Fmedia&parent=96"}],"curies":[{"name":"wp","href":"https:\/\/api.w.org\/{rel}","templated":true}]}}