{"id":44,"date":"2022-05-08T23:08:25","date_gmt":"2022-05-08T21:08:25","guid":{"rendered":"https:\/\/lina-hermstein.de\/?page_id=44"},"modified":"2022-08-25T19:29:22","modified_gmt":"2022-08-25T17:29:22","slug":"systemische-therapie","status":"publish","type":"page","link":"https:\/\/lina-hermstein.de\/?page_id=44","title":{"rendered":"Systemische Therapie"},"content":{"rendered":"\n<h2 class=\"wp-block-heading\">Allgemein<\/h2>\n\n\n\n<div class=\"wp-block-columns is-layout-flex wp-container-3 wp-block-columns-is-layout-flex\">\n<div class=\"wp-block-column is-layout-flow wp-block-column-is-layout-flow\" style=\"flex-basis:70%\">\n<p>Systeme gibt es \u00fcberall in unserem Leben. Das pr\u00e4gendste ist das Familiensystem, mit Eltern, Geschwistern, Kindern, Gro\u00dfeltern und vielen weiteren bunten Mitgliedern. Aber auch die Kollegen auf der Arbeit, sowie Vorgesetzte oder Freundschaften sind wichtige Systeme in unserem Leben.<\/p>\n\n\n\n<p>Die Selbstregulation von Systemen kann erschwert sein, wenn z.B. die Kommunikation oder die psychische Gesundheit einzelner Mitglieder beeintr\u00e4chtigt sind. Jedoch verf\u00fcgt jedes System \u00fcber innere L\u00f6sungsmechanismen, da sie aus Erfahrung lernen und sich anhand von Umweltherausforderungen weiterentwickeln. Diese, jedem System eigenen Mechanismen, greift die systemische Therapie bei der Suche nach M\u00f6glichkeitsr\u00e4umen auf und hilft dem System sich weiter zu langfristigen und ganzheitlichen L\u00f6sungsans\u00e4tzen zu entwickeln. Wichtig ist hierbei eine umfassende Auftrags- oder Zielkl\u00e4rung, die sich im Laufe der Therapie auch ver\u00e4ndern kann.<\/p>\n\n\n\n<p>Die Systemische Therapie arbeitet dabei nicht st\u00f6rungsorientiert, sondern l\u00f6sungsorientiert. Deswegen wird auch klassisch nicht von Patienten, sondern von Klienten gesprochen. Psychische Auff\u00e4lligkeiten werden nicht als pathologisch, sondern als Ungleichgewicht im System, Herausforderungen, die zu bew\u00e4ltigen sind oder simpel, als Reaktion auf schwierige Phasen, gesehen. Generell ist diese Therapieform von Auftragskl\u00e4rung, Wertsch\u00e4tzung, positiver Bewertung, verdeutlichen von Ressourcen und Fertigkeiten, entwickeln von langfristigen und ganzheitlichen L\u00f6sungsans\u00e4tzen, er\u00f6ffnen von M\u00f6glichkeitsr\u00e4umen und kreativen Interventionen gepr\u00e4gt.<\/p>\n<\/div>\n\n\n\n<div class=\"wp-block-column is-layout-flow wp-block-column-is-layout-flow\">\n<figure class=\"wp-block-image size-large\"><img decoding=\"async\" loading=\"lazy\" width=\"1310\" height=\"2098\" src=\"https:\/\/lina-hermstein.de\/wp-content\/uploads\/2022\/08\/Lina_Tablet_small-e1661448495925-edited.jpg\" alt=\"\" class=\"wp-image-266\" srcset=\"https:\/\/lina-hermstein.de\/wp-content\/uploads\/2022\/08\/Lina_Tablet_small-e1661448495925-edited.jpg 1310w, https:\/\/lina-hermstein.de\/wp-content\/uploads\/2022\/08\/Lina_Tablet_small-e1661448495925-edited-187x300.jpg 187w, https:\/\/lina-hermstein.de\/wp-content\/uploads\/2022\/08\/Lina_Tablet_small-e1661448495925-edited-639x1024.jpg 639w, https:\/\/lina-hermstein.de\/wp-content\/uploads\/2022\/08\/Lina_Tablet_small-e1661448495925-edited-768x1230.jpg 768w, https:\/\/lina-hermstein.de\/wp-content\/uploads\/2022\/08\/Lina_Tablet_small-e1661448495925-edited-959x1536.jpg 959w, https:\/\/lina-hermstein.de\/wp-content\/uploads\/2022\/08\/Lina_Tablet_small-e1661448495925-edited-1279x2048.jpg 1279w\" sizes=\"(max-width: 1310px) 100vw, 1310px\" \/><\/figure>\n<\/div>\n<\/div>\n\n\n\n<div class=\"wp-block-columns is-layout-flex wp-container-6 wp-block-columns-is-layout-flex\">\n<div class=\"wp-block-column is-vertically-aligned-top is-layout-flow wp-block-column-is-layout-flow\" style=\"flex-basis:33.33%\">\n<figure class=\"wp-block-image size-large\"><img decoding=\"async\" loading=\"lazy\" width=\"1600\" height=\"1202\" src=\"https:\/\/lina-hermstein.de\/wp-content\/uploads\/2022\/08\/Lina_Blick_small-edited.jpg\" alt=\"\" class=\"wp-image-257\" srcset=\"https:\/\/lina-hermstein.de\/wp-content\/uploads\/2022\/08\/Lina_Blick_small-edited.jpg 1600w, https:\/\/lina-hermstein.de\/wp-content\/uploads\/2022\/08\/Lina_Blick_small-edited-300x225.jpg 300w, https:\/\/lina-hermstein.de\/wp-content\/uploads\/2022\/08\/Lina_Blick_small-edited-1024x769.jpg 1024w, https:\/\/lina-hermstein.de\/wp-content\/uploads\/2022\/08\/Lina_Blick_small-edited-768x577.jpg 768w, https:\/\/lina-hermstein.de\/wp-content\/uploads\/2022\/08\/Lina_Blick_small-edited-1536x1154.jpg 1536w\" sizes=\"(max-width: 1600px) 100vw, 1600px\" \/><\/figure>\n<\/div>\n\n\n\n<div class=\"wp-block-column is-layout-flow wp-block-column-is-layout-flow\" style=\"flex-basis:66.66%\">\n<h2 class=\"wp-block-heading\">Familiensystem<\/h2>\n\n\n\n<p>Genogramme sind graphische Darstellungen von Familienstrukturen. Sie helfen dabei, einen \u00dcberblick \u00fcber das Herkunft-System zu erlangen und sind gleichzeitig eine Erleichterung f\u00fcr die gemeinsame Arbeit. Dabei werden Beziehungen, Muster, Zusammenh\u00e4nge sowie Ressourcen verdeutlicht. Genogramme sind auch eine M\u00f6glichkeit, andere Systeme wie Arbeit und Beziehungen darzustellen.<\/p>\n\n\n\n<p>Standardm\u00e4\u00dfig wird in der ersten Stunde oder vorab, mit von Ihnen mitgeteilten Informationen, von mir ein Genogramm erstellt.<\/p>\n<\/div>\n<\/div>\n","protected":false},"excerpt":{"rendered":"<p>Allgemein Systeme gibt es \u00fcberall in unserem Leben. Das pr\u00e4gendste ist das Familiensystem, mit Eltern, Geschwistern, Kindern, Gro\u00dfeltern und vielen weiteren bunten Mitgliedern. Aber auch die Kollegen auf der Arbeit, sowie Vorgesetzte oder Freundschaften sind wichtige Systeme in unserem Leben. Die Selbstregulation von Systemen kann erschwert sein, wenn z.B. die Kommunikation oder die psychische Gesundheit&hellip;&nbsp;<a href=\"https:\/\/lina-hermstein.de\/?page_id=44\" class=\"\" rel=\"bookmark\">Weiterlesen &raquo;<span class=\"screen-reader-text\">Systemische Therapie<\/span><\/a><\/p>\n","protected":false},"author":1,"featured_media":0,"parent":0,"menu_order":0,"comment_status":"closed","ping_status":"closed","template":"","meta":{"om_disable_all_campaigns":false,"_monsterinsights_skip_tracking":false,"_monsterinsights_sitenote_active":false,"_monsterinsights_sitenote_note":"","_monsterinsights_sitenote_category":0,"neve_meta_sidebar":"","neve_meta_container":"","neve_meta_enable_content_width":"","neve_meta_content_width":0,"neve_meta_title_alignment":"","neve_meta_author_avatar":"","neve_post_elements_order":"","neve_meta_disable_header":"","neve_meta_disable_footer":"","neve_meta_disable_title":"","_themeisle_gutenberg_block_has_review":false,"footnotes":""},"aioseo_notices":[],"_links":{"self":[{"href":"https:\/\/lina-hermstein.de\/index.php?rest_route=\/wp\/v2\/pages\/44"}],"collection":[{"href":"https:\/\/lina-hermstein.de\/index.php?rest_route=\/wp\/v2\/pages"}],"about":[{"href":"https:\/\/lina-hermstein.de\/index.php?rest_route=\/wp\/v2\/types\/page"}],"author":[{"embeddable":true,"href":"https:\/\/lina-hermstein.de\/index.php?rest_route=\/wp\/v2\/users\/1"}],"replies":[{"embeddable":true,"href":"https:\/\/lina-hermstein.de\/index.php?rest_route=%2Fwp%2Fv2%2Fcomments&post=44"}],"version-history":[{"count":5,"href":"https:\/\/lina-hermstein.de\/index.php?rest_route=\/wp\/v2\/pages\/44\/revisions"}],"predecessor-version":[{"id":267,"href":"https:\/\/lina-hermstein.de\/index.php?rest_route=\/wp\/v2\/pages\/44\/revisions\/267"}],"wp:attachment":[{"href":"https:\/\/lina-hermstein.de\/index.php?rest_route=%2Fwp%2Fv2%2Fmedia&parent=44"}],"curies":[{"name":"wp","href":"https:\/\/api.w.org\/{rel}","templated":true}]}}